{"id":21,"date":"2016-02-12T08:10:47","date_gmt":"2016-02-12T08:10:47","guid":{"rendered":"http:\/\/demos.famethemes.com\/onepress\/?page_id=21"},"modified":"2021-03-24T11:17:58","modified_gmt":"2021-03-24T11:17:58","slug":"our-achievements","status":"publish","type":"page","link":"https:\/\/slaskieokna.pl\/index.php\/our-achievements\/","title":{"rendered":"Drzwi zewn\u0119trzne"},"content":{"rendered":"\n<p class=\"has-black-color has-text-color has-normal-font-size\">&#8211; spe\u0142niaj\u0105 trzy g\u0142\u00f3wne wymagania : s\u0105 trwa\u0142e, estetyczne i funkcjonalne<\/p>\n\n\n\n<p class=\"has-black-color has-text-color has-normal-font-size\">&#8211; unikatowo s\u0105 dopasowane do indywidualnych potrzeb ( wzory, przeszklenia i kolory wp\u0142ywaj\u0105ce zar\u00f3wno na fasad\u0119 budynku jak i jego wn\u0119trze)<\/p>\n\n\n\n<p class=\"has-black-color has-text-color has-normal-font-size\">&#8211; z innowacjami technologicznymi \u2013 automatyka ryglowania, zdalne<\/p>\n\n\n\n<p class=\"has-black-color has-text-color has-normal-font-size\">&#8211; z technologi\u0105 inteligentn\u0105 \u2013 kt\u00f3ra wprowadza rozwi\u0105zania komfortowe, bezpieczne i presti\u017cowe<\/p>\n\n\n\n<p class=\"has-black-color has-text-color has-normal-font-size\">&#8211; zabezpieczenie \u2013 trzpienie antywywa\u017ceniowe, ukryte zawiasy, wk\u0142adki antyw\u0142amaniowe<\/p>\n","protected":false},"excerpt":{"rendered":"<p>Oferujemy drzwi zewn\u0119trzne :<br \/>\n&#8211; spe\u0142niaj\u0105 trzy g\u0142\u00f3wne wymagania : s\u0105 trwa\u0142e, estetyczne i funkcjonalne<br \/>\n&#8211; unikatowo s\u0105 dopasowane do indywidualnych potrzeb ( wzory, przeszklenia i kolory wp\u0142ywaj\u0105ce zar\u00f3wno na fasad\u0119 budynku jak i jego wn\u0119trze)<br \/>\n&#8211; z innowacjami technologicznymi \u2013 automatyka ryglowania, zdalne<br \/>\n&#8211; z technologi\u0105 inteligentn\u0105 \u2013 kt\u00f3ra wprowadza rozwi\u0105zania komfortowe,  bezpieczne i presti\u017cowe<br \/>\n&#8211; zabezpieczenie \u2013 trzpienie antywywa\u017ceniowe, ukryte zawiasy, wk\u0142adki antyw\u0142amaniowe<\/p>\n","protected":false},"author":2,"featured_media":1458,"parent":0,"menu_order":0,"comment_status":"closed","ping_status":"closed","template":"","meta":{"footnotes":""},"class_list":["post-21","page","type-page","status-publish","has-post-thumbnail","hentry"],"_links":{"self":[{"href":"https:\/\/slaskieokna.pl\/index.php\/wp-json\/wp\/v2\/pages\/21","targetHints":{"allow":["GET"]}}],"collection":[{"href":"https:\/\/slaskieokna.pl\/index.php\/wp-json\/wp\/v2\/pages"}],"about":[{"href":"https:\/\/slaskieokna.pl\/index.php\/wp-json\/wp\/v2\/types\/page"}],"author":[{"embeddable":true,"href":"https:\/\/slaskieokna.pl\/index.php\/wp-json\/wp\/v2\/users\/2"}],"replies":[{"embeddable":true,"href":"https:\/\/slaskieokna.pl\/index.php\/wp-json\/wp\/v2\/comments?post=21"}],"version-history":[{"count":3,"href":"https:\/\/slaskieokna.pl\/index.php\/wp-json\/wp\/v2\/pages\/21\/revisions"}],"predecessor-version":[{"id":1603,"href":"https:\/\/slaskieokna.pl\/index.php\/wp-json\/wp\/v2\/pages\/21\/revisions\/1603"}],"wp:featuredmedia":[{"embeddable":true,"href":"https:\/\/slaskieokna.pl\/index.php\/wp-json\/wp\/v2\/media\/1458"}],"wp:attachment":[{"href":"https:\/\/slaskieokna.pl\/index.php\/wp-json\/wp\/v2\/media?parent=21"}],"curies":[{"name":"wp","href":"https:\/\/api.w.org\/{rel}","templated":true}]}}